{"id":5029,"date":"2021-05-25T11:42:09","date_gmt":"2021-05-25T11:42:09","guid":{"rendered":"https:\/\/sagolikasunne.se\/things-to-do\/aktivitetsguide\/sunne-golfbana\/"},"modified":"2024-04-18T14:56:06","modified_gmt":"2024-04-18T14:56:06","slug":"sunne-golfbana","status":"publish","type":"page","link":"https:\/\/sagolikasunne.se\/en\/things-to-do\/aktivitetsguide\/sunne-golfbana\/","title":{"rendered":"Sunne Golf Course"},"content":{"rendered":"\n<p class=\"is-style-preamble\">Fancy playing golf when visiting Sunne? You\u2019ll find a nice golf course with fairways along Lake Fryken. This is an 18-hole course that looks really inviting. If you\u2019re coming in on E45, you can\u2019t miss the course. It\u2019s located by the large Stamfr\u00e4ndemonumentet.<\/p>\n\n\n\n<div class=\"wp-block-buttons is-layout-flex wp-block-buttons-is-layout-flex\">\n<div class=\"wp-block-button\"><a class=\"wp-block-button__link wp-element-button\" href=\"https:\/\/www.sunnegk.se\/\" target=\"_blank\" rel=\"noreferrer noopener\">Visit the Golf Club&#8217;s homepage ><\/a><\/div>\n<\/div>\n\n\n\n<h2 class=\"wp-block-heading\" id=\"combine-vastana-theatre-with-golf\">Combine V\u00e4stan\u00e5 Theatre with golf<\/h2>\n\n\n\n<p>Right next to the golf course is Ber\u00e4ttarladan. A tip is to play golf during the day and in the evening visit Ber\u00e4ttarladan to see V\u00e4stan\u00e5 Teater put on one of its performances. Or why not visit Rottneros Park, which is also right next door. Children might prefer to play water games at Sunne Sommarland. It\u2019s not a guarantee that everyone in a family plays golf. Sunne golf is easily combined with other activities.<\/p>\n\n\n\n<h2 class=\"wp-block-heading\" id=\"golf-package-sunne\">Golf Package Sunne<\/h2>\n\n\n\n<p>Several accommodations offer golf packages that include green fees, accommodation and food. Amongst the packages is Selma Spa, which offers packages with access to the spa area. Broby G\u00e4stgivareg\u00e5rd lets you decide what your golf package looks like. You can choose if you want to stay several days and what meals you want to eat at the hotel. Ulsvby Herrg\u00e5rd has a golf package for those who want to play golf in V\u00e4rmland at Sunne GK for one, two or three nights. All packages come with at least one three-course dinner included.<\/p>\n\n\n\n<h2 class=\"wp-block-heading\" id=\"nils-holgersson-s-inn-restaurant-and-golf-shop\">Nils Holgersson\u2019s inn, restaurant and golf shop<\/h2>\n\n\n\n<p>Near Sunne Golf Club is the restaurant and inn W\u00e4rdshuset Nils Holgersson. Housed in the building with rounded windows down by Lake Fryken, you can enjoy poultry, fish and everything in between 7 days a week. A lunch buffet is served here between 11 a.m. and 3:30 p.m. and an \u00e0 la carte menu after that. A fantastic location where you can look out over the well-cut golf course and the glittering Lake Fryken. The golf shop is also housed in the same building. If you need new balls, want to improve your game with a new club or are generally keen on shopping, everything you need as a golfer is here.<\/p>\n\n\n\n<h2 class=\"wp-block-heading\" id=\"cottages-at-sunne-golf-club\">Cottages at Sunne Golf Club<\/h2>\n\n\n\n<p>Next to the golf course are seven cottages with magnificent views down over Lake Fryken. It offers a great stay and is close to the first tee. The cottages are rented via W\u00e4rdshuset Nils Holgersson and the golf club. The larger cottages can accommodate as many as 10 people. The patio by the cottage overlooks the lake. All the equipment for your household is here, but also a TV, shower and WC. If you purchase a golf package, breakfast and green fees are included.&nbsp;<\/p>\n\n\n\n<h2 class=\"wp-block-heading\" id=\"many-golf-courses-in-varmland\">Many golf courses in V\u00e4rmland<\/h2>\n\n\n\n<p>Many of the golf courses in V\u00e4rmland are beautifully situated near a lake. But few golf courses can boast this view of Lake Fryken. If you want to play golf with a similar view, you can go to Uddeholm&#8217;s golf course which is next to R\u00e5dasj\u00f6n or to Eda Golf Club, Noresund, which is located on a cape on Lake Hugn. You get a view of Lake V\u00e4nern at Billerud\u2019s golf course. If you want to see Lake Fryken from a different direction, head to Kils GK. You can set up your own bucket list of golf courses with lake views in V\u00e4rmland.&nbsp;<\/p>\n","protected":false},"excerpt":{"rendered":"<p>Fancy playing golf when visiting Sunne? You\u2019ll find a nice golf course with fairways along Lake Fryken. This is an 18-hole course that looks really inviting. If you\u2019re coming in on E45, you can\u2019t miss the course. It\u2019s located by the large Stamfr\u00e4ndemonumentet. Combine V\u00e4stan\u00e5 Theatre with golf Right next to the golf course is [&hellip;]<\/p>\n","protected":false},"author":6,"featured_media":0,"parent":5015,"menu_order":0,"comment_status":"closed","ping_status":"closed","template":"","meta":{"_acf_changed":false,"footnotes":""},"class_list":["post-5029","page","type-page","status-publish","hentry"],"acf":[],"yoast_head":"<!-- This site is optimized with the Yoast SEO plugin v27.5 - https:\/\/yoast.com\/product\/yoast-seo-wordpress\/ -->\n<title>Golf in Sunne and V\u00e4rmland | Sunne Golf Club | Spectacular Sunne<\/title>\n<meta name=\"description\" content=\"Fancy playing golf when visiting Sunne? You\u2019ll find a nice golf course with fairways along Lake Fryken. Read more here!\" \/>\n<meta name=\"robots\" content=\"index, follow, max-snippet:-1, max-image-preview:large, max-video-preview:-1\" \/>\n<link rel=\"canonical\" href=\"https:\/\/sagolikasunne.se\/en\/things-to-do\/aktivitetsguide\/sunne-golfbana\/\" \/>\n<meta property=\"og:locale\" content=\"en_US\" \/>\n<meta property=\"og:type\" content=\"article\" \/>\n<meta property=\"og:title\" content=\"Golf in Sunne and V\u00e4rmland | Sunne Golf Club | Spectacular Sunne\" \/>\n<meta property=\"og:description\" content=\"Fancy playing golf when visiting Sunne? You\u2019ll find a nice golf course with fairways along Lake Fryken. Read more here!\" \/>\n<meta property=\"og:url\" content=\"https:\/\/sagolikasunne.se\/en\/things-to-do\/aktivitetsguide\/sunne-golfbana\/\" \/>\n<meta property=\"og:site_name\" content=\"Sagolika Sunne\" \/>\n<meta property=\"article:modified_time\" content=\"2024-04-18T14:56:06+00:00\" \/>\n<meta name=\"twitter:card\" content=\"summary_large_image\" \/>\n<meta name=\"twitter:label1\" content=\"Est. reading time\" \/>\n\t<meta name=\"twitter:data1\" content=\"3 minutes\" \/>\n<script type=\"application\/ld+json\" class=\"yoast-schema-graph\">{\"@context\":\"https:\\\/\\\/schema.org\",\"@graph\":[{\"@type\":\"WebPage\",\"@id\":\"https:\\\/\\\/sagolikasunne.se\\\/en\\\/things-to-do\\\/aktivitetsguide\\\/sunne-golfbana\\\/\",\"url\":\"https:\\\/\\\/sagolikasunne.se\\\/en\\\/things-to-do\\\/aktivitetsguide\\\/sunne-golfbana\\\/\",\"name\":\"Golf in Sunne and V\u00e4rmland | Sunne Golf Club | Spectacular Sunne\",\"isPartOf\":{\"@id\":\"https:\\\/\\\/sagolikasunne.se\\\/#website\"},\"datePublished\":\"2021-05-25T11:42:09+00:00\",\"dateModified\":\"2024-04-18T14:56:06+00:00\",\"description\":\"Fancy playing golf when visiting Sunne? You\u2019ll find a nice golf course with fairways along Lake Fryken. Read more here!\",\"breadcrumb\":{\"@id\":\"https:\\\/\\\/sagolikasunne.se\\\/en\\\/things-to-do\\\/aktivitetsguide\\\/sunne-golfbana\\\/#breadcrumb\"},\"inLanguage\":\"en-US\",\"potentialAction\":[{\"@type\":\"ReadAction\",\"target\":[\"https:\\\/\\\/sagolikasunne.se\\\/en\\\/things-to-do\\\/aktivitetsguide\\\/sunne-golfbana\\\/\"]}]},{\"@type\":\"BreadcrumbList\",\"@id\":\"https:\\\/\\\/sagolikasunne.se\\\/en\\\/things-to-do\\\/aktivitetsguide\\\/sunne-golfbana\\\/#breadcrumb\",\"itemListElement\":[{\"@type\":\"ListItem\",\"position\":1,\"name\":\"Things to Do\",\"item\":\"https:\\\/\\\/sagolikasunne.se\\\/en\\\/things-to-do\\\/\"},{\"@type\":\"ListItem\",\"position\":2,\"name\":\"Activities in Sunne\",\"item\":\"https:\\\/\\\/sagolikasunne.se\\\/en\\\/things-to-do\\\/aktivitetsguide\\\/\"},{\"@type\":\"ListItem\",\"position\":3,\"name\":\"Sunne Golf Course\"}]},{\"@type\":\"WebSite\",\"@id\":\"https:\\\/\\\/sagolikasunne.se\\\/#website\",\"url\":\"https:\\\/\\\/sagolikasunne.se\\\/\",\"name\":\"Sagolika Sunne\",\"description\":\"\",\"potentialAction\":[{\"@type\":\"SearchAction\",\"target\":{\"@type\":\"EntryPoint\",\"urlTemplate\":\"https:\\\/\\\/sagolikasunne.se\\\/?s={search_term_string}\"},\"query-input\":{\"@type\":\"PropertyValueSpecification\",\"valueRequired\":true,\"valueName\":\"search_term_string\"}}],\"inLanguage\":\"en-US\"}]}<\/script>\n<!-- \/ Yoast SEO plugin. -->","yoast_head_json":{"title":"Golf in Sunne and V\u00e4rmland | Sunne Golf Club | Spectacular Sunne","description":"Fancy playing golf when visiting Sunne? You\u2019ll find a nice golf course with fairways along Lake Fryken. Read more here!","robots":{"index":"index","follow":"follow","max-snippet":"max-snippet:-1","max-image-preview":"max-image-preview:large","max-video-preview":"max-video-preview:-1"},"canonical":"https:\/\/sagolikasunne.se\/en\/things-to-do\/aktivitetsguide\/sunne-golfbana\/","og_locale":"en_US","og_type":"article","og_title":"Golf in Sunne and V\u00e4rmland | Sunne Golf Club | Spectacular Sunne","og_description":"Fancy playing golf when visiting Sunne? You\u2019ll find a nice golf course with fairways along Lake Fryken. Read more here!","og_url":"https:\/\/sagolikasunne.se\/en\/things-to-do\/aktivitetsguide\/sunne-golfbana\/","og_site_name":"Sagolika Sunne","article_modified_time":"2024-04-18T14:56:06+00:00","twitter_card":"summary_large_image","twitter_misc":{"Est. reading time":"3 minutes"},"schema":{"@context":"https:\/\/schema.org","@graph":[{"@type":"WebPage","@id":"https:\/\/sagolikasunne.se\/en\/things-to-do\/aktivitetsguide\/sunne-golfbana\/","url":"https:\/\/sagolikasunne.se\/en\/things-to-do\/aktivitetsguide\/sunne-golfbana\/","name":"Golf in Sunne and V\u00e4rmland | Sunne Golf Club | Spectacular Sunne","isPartOf":{"@id":"https:\/\/sagolikasunne.se\/#website"},"datePublished":"2021-05-25T11:42:09+00:00","dateModified":"2024-04-18T14:56:06+00:00","description":"Fancy playing golf when visiting Sunne? You\u2019ll find a nice golf course with fairways along Lake Fryken. Read more here!","breadcrumb":{"@id":"https:\/\/sagolikasunne.se\/en\/things-to-do\/aktivitetsguide\/sunne-golfbana\/#breadcrumb"},"inLanguage":"en-US","potentialAction":[{"@type":"ReadAction","target":["https:\/\/sagolikasunne.se\/en\/things-to-do\/aktivitetsguide\/sunne-golfbana\/"]}]},{"@type":"BreadcrumbList","@id":"https:\/\/sagolikasunne.se\/en\/things-to-do\/aktivitetsguide\/sunne-golfbana\/#breadcrumb","itemListElement":[{"@type":"ListItem","position":1,"name":"Things to Do","item":"https:\/\/sagolikasunne.se\/en\/things-to-do\/"},{"@type":"ListItem","position":2,"name":"Activities in Sunne","item":"https:\/\/sagolikasunne.se\/en\/things-to-do\/aktivitetsguide\/"},{"@type":"ListItem","position":3,"name":"Sunne Golf Course"}]},{"@type":"WebSite","@id":"https:\/\/sagolikasunne.se\/#website","url":"https:\/\/sagolikasunne.se\/","name":"Sagolika Sunne","description":"","potentialAction":[{"@type":"SearchAction","target":{"@type":"EntryPoint","urlTemplate":"https:\/\/sagolikasunne.se\/?s={search_term_string}"},"query-input":{"@type":"PropertyValueSpecification","valueRequired":true,"valueName":"search_term_string"}}],"inLanguage":"en-US"}]}},"publishpress_future_action":{"enabled":false,"date":"2026-05-24 02:11:18","action":"change-status","newStatus":"draft","terms":[],"taxonomy":"translation_priority","extraData":[]},"publishpress_future_workflow_manual_trigger":{"enabledWorkflows":[]},"_links":{"self":[{"href":"https:\/\/sagolikasunne.se\/en\/wp-json\/wp\/v2\/pages\/5029","targetHints":{"allow":["GET"]}}],"collection":[{"href":"https:\/\/sagolikasunne.se\/en\/wp-json\/wp\/v2\/pages"}],"about":[{"href":"https:\/\/sagolikasunne.se\/en\/wp-json\/wp\/v2\/types\/page"}],"author":[{"embeddable":true,"href":"https:\/\/sagolikasunne.se\/en\/wp-json\/wp\/v2\/users\/6"}],"replies":[{"embeddable":true,"href":"https:\/\/sagolikasunne.se\/en\/wp-json\/wp\/v2\/comments?post=5029"}],"version-history":[{"count":3,"href":"https:\/\/sagolikasunne.se\/en\/wp-json\/wp\/v2\/pages\/5029\/revisions"}],"predecessor-version":[{"id":6831,"href":"https:\/\/sagolikasunne.se\/en\/wp-json\/wp\/v2\/pages\/5029\/revisions\/6831"}],"up":[{"embeddable":true,"href":"https:\/\/sagolikasunne.se\/en\/wp-json\/wp\/v2\/pages\/5015"}],"wp:attachment":[{"href":"https:\/\/sagolikasunne.se\/en\/wp-json\/wp\/v2\/media?parent=5029"}],"curies":[{"name":"wp","href":"https:\/\/api.w.org\/{rel}","templated":true}]}}